{"id":1622,"date":"2022-04-01T18:42:13","date_gmt":"2022-04-01T16:42:13","guid":{"rendered":"https:\/\/xoratom.com\/cloud\/"},"modified":"2022-12-20T00:35:58","modified_gmt":"2022-12-19T23:35:58","slug":"cloud","status":"publish","type":"page","link":"https:\/\/xoratom.com\/en\/cloud\/","title":{"rendered":"Cloud"},"content":{"rendered":"[vc_row section_back_opt=&#8221;dark-bg-1&#8243; row_padding_bottom=&#8221;no-padding-bottom&#8221;][vc_column][vc_row_inner][vc_column_inner]<div data-animation-container  class=\"bottom-padding-0 text-center\"><h2 data-animation-child class=\"xen-sec-title-class large-title text-height-10 red-color overlay-anim-box2\" data-animation=\"overlay-anim2\">SCALABLE AND FLEXIBLE, POWERED BY<\/h2><br><\/div><div data-animation-container  class=\"bottom-padding-0 text-center\"><h2 data-animation-child class=\"xen-sec-title-class large-title text-height-10 text-color-4 overlay-anim-box2\" data-animation=\"overlay-anim2\">AWS AND XORATOM EXPERTISE<\/h2><br><\/div><div class=\"top-padding-30\"><div class=\"services-bg img-50vh\" style=\"background-image:url(https:\/\/xoratom.com\/wp-content\/uploads\/2021\/12\/cloud.png)\"><\/div><\/div>[\/vc_column_inner][\/vc_row_inner][\/vc_column][\/vc_row][vc_row enable_container=&#8221;st2&#8243; section_back_opt=&#8221;dark-bg-1&#8243; sec_text_color_opt=&#8221;text-color-4&#8243; row_padding_top=&#8221;top-padding-60&#8243; row_padding_bottom=&#8221;bottom-padding-60&#8243;][vc_column width=&#8221;4\/12&#8243;][wr_vc_titleani2s text_align=&#8221;text-left&#8221; text_color=&#8221;text-color-4&#8243; padding_bottom=&#8221;bottom-padding-0&#8243; sub_title=&#8221;CLOUD COMPUTING SOLUTIONS&#8221;][wr_vc_titleani2 title=&#8221;IDEAL FOR COMPANIES&#8221; animation_delay=&#8221;01&#8243;][wr_vc_titleani2 title=&#8221;LOOKING FOR PERFORMANCE&#8221; animation_delay=&#8221;02&#8243;][wr_vc_titleani2 title=&#8221;AND SECURITY&#8221; animation_delay=&#8221;03&#8243;][\/wr_vc_titleani2s][wr_vc_lists text_color=&#8221;text-color-4&#8243; top_padding=&#8221;top-padding-20&#8243;][wr_vc_list animation_delay=&#8221;04&#8243; text_color=&#8221;text-color-4&#8243;]CLOUD BACKUP[\/wr_vc_list][wr_vc_list animation_delay=&#8221;05&#8243; text_color=&#8221;text-color-4&#8243;]MANAGED SERVICES[\/wr_vc_list][wr_vc_list animation_delay=&#8221;06&#8243; text_color=&#8221;text-color-4&#8243;]AWS SERVICE[\/wr_vc_list][wr_vc_list animation_delay=&#8221;07&#8243; text_color=&#8221;text-color-4&#8243;]PROFESSIONAL HOSTING[\/wr_vc_list][wr_vc_list animation_delay=&#8221;07&#8243; text_color=&#8221;text-color-4&#8243;]WEB STORAGE[\/wr_vc_list][wr_vc_list animation_delay=&#8221;07&#8243; text_color=&#8221;text-color-4&#8243;]PROFESSIONAL EMAILS[\/wr_vc_list][wr_vc_list animation_delay=&#8221;07&#8243; text_color=&#8221;text-color-4&#8243;]YOUR OWN DOMAINS[\/wr_vc_list][\/wr_vc_lists][\/vc_column][vc_column width=&#8221;8\/12&#8243;]<div data-animation-container><div data-animation-child class=\"p-style-large text-color-5 text-left xen-textblock pull-left fade-anim-box tr-delay04\" data-animation=\"fade-anim\"><span style=\"font-weight: 400;\">By hiring Xoratom Cloud you are acquiring speed, scalability, and flexibility. Also get security in your professionally managed applications in the cloud<\/span><span style=\"font-weight: 400;\">.\u00a0\u00a0<\/span><\/p>\n<p><span style=\"font-weight: 400;\">Xoratom Cloud is a set of solutions stored in the cloud, which you can access and use with any device with an internet connection, from anywhere in the world<\/span><span style=\"font-weight: 400;\">.\u00a0<\/span><\/p>\n<p><span style=\"font-weight: 400;\">Our cloud service will allow you to control, in a managed way, <\/span><b>Infrastructure<\/b><span style=\"font-weight: 400;\"> as a Service (IaaS), <\/span><b>Platform<\/b><span style=\"font-weight: 400;\"> as a Service (PaaS), <\/span><b>Software<\/b><span style=\"font-weight: 400;\"> as a Service (SaaS).\u00a0<\/span><\/div><\/div>[\/vc_column][\/vc_row][vc_row menu_logo_opt=&#8221;st2&#8243; row_padding_bottom=&#8221;bottom-padding-60&#8243;][vc_column][vc_row_inner][vc_column_inner]<div data-animation-container  class=\"bottom-padding-60 text-center\"><h2 data-animation-child class=\"xen-sec-title-class title-style text-height-10 text-color-0 overlay-anim-box2\" data-animation=\"overlay-anim2\">HOW TO USE XORATOM CLOUD?<\/h2><br><p data-animation-child class=\"fade-anim-box tr-delay02 text-color-0 xsmall-title-oswald top-margin-5\" data-animation=\"fade-anim\">CLOUD COMPUTING SERVICES<\/p><\/div>[\/vc_column_inner][\/vc_row_inner][vc_row_inner][vc_column_inner width=&#8221;1\/3&#8243;]<div class=\"bottom-padding-60\"><a data-animation-container href=\"#0\" target=\"_self\" class=\" hover-box pointer-large d-block light-bg-2\"><div data-animation-child class=\"overlay-anim-box2 overlay-dark-bg-2 expertise-img-box\" data-animation=\"overlay-anim2\">\n\t\t<img decoding=\"async\" class=\"hover-img\" src=\"https:\/\/xoratom.com\/wp-content\/uploads\/2022\/06\/cloud-storage-upload.jpg\" alt=\"cloud-storage-upload\">\n\t\t<\/div><div class=\"expertise content-padding-l-r-20 content-padding-bottom-20\"><h3 data-animation-child class=\"small-title-oswald text-color-1 hover-content fade-anim-box tr-delay01\" data-animation=\"fade-anim\">Run cloud-native and enterprise applications<\/h3><br><p data-animation-child class=\"p-style-xsmall text-color-1 hover-content fade-anim-box tr-delay02\" data-animation=\"fade-anim\">Get an infrastructure reliable, high-performance, and cost-effective compute infrastructure to meet demanding business needs.<\/p><\/div><\/a><\/div>[\/vc_column_inner][vc_column_inner width=&#8221;1\/3&#8243;]<div class=\"bottom-padding-60\"><a data-animation-container href=\"#0\" target=\"_self\" class=\" hover-box pointer-large d-block light-bg-2\"><div data-animation-child class=\"overlay-anim-box2 overlay-dark-bg-2 expertise-img-box\" data-animation=\"overlay-anim2\">\n\t\t<img decoding=\"async\" class=\"hover-img\" src=\"https:\/\/xoratom.com\/wp-content\/uploads\/2022\/06\/system-administrator-765.jpg\" alt=\"system-administrator-765\">\n\t\t<\/div><div class=\"expertise content-padding-l-r-20 content-padding-bottom-20\"><h3 data-animation-child class=\"small-title-oswald text-color-1 hover-content fade-anim-box tr-delay01\" data-animation=\"fade-anim\">Scale for HPC applications<\/h3><br><p data-animation-child class=\"p-style-xsmall text-color-1 hover-content fade-anim-box tr-delay02\" data-animation=\"fade-anim\">Access the on-demand infrastructure and capacity you need to run HPC applications faster and cost-effectively.<\/p><\/div><\/a><\/div>[\/vc_column_inner][vc_column_inner width=&#8221;1\/3&#8243;]<div class=\"bottom-padding-60\"><a data-animation-container href=\"#0\" target=\"_self\" class=\" hover-box pointer-large d-block light-bg-2\"><div data-animation-child class=\"overlay-anim-box2 overlay-dark-bg-2 expertise-img-box\" data-animation=\"overlay-anim2\">\n\t\t<img decoding=\"async\" class=\"hover-img\" src=\"https:\/\/xoratom.com\/wp-content\/uploads\/2022\/06\/macos0.jpg\" alt=\"macos0\">\n\t\t<\/div><div class=\"expertise content-padding-l-r-20 content-padding-bottom-20\"><h3 data-animation-child class=\"small-title-oswald text-color-1 hover-content fade-anim-box tr-delay01\" data-animation=\"fade-anim\">Develop for Apple platforms<\/h3><br><p data-animation-child class=\"p-style-xsmall text-color-1 hover-content fade-anim-box tr-delay02\" data-animation=\"fade-anim\">Build, test, and sign on-demand macOS workloads. Access environments in minutes, dynamically scale capacity as needed.<\/p><\/div><\/a><\/div>[\/vc_column_inner][\/vc_row_inner][vc_row_inner][vc_column_inner width=&#8221;1\/3&#8243;]<div class=\"bottom-padding-60\"><a data-animation-container href=\"#0\" target=\"_self\" class=\" hover-box pointer-large d-block light-bg-2\"><div data-animation-child class=\"overlay-anim-box2 overlay-dark-bg-2 expertise-img-box\" data-animation=\"overlay-anim2\">\n\t\t<img decoding=\"async\" class=\"hover-img\" src=\"https:\/\/xoratom.com\/wp-content\/uploads\/2022\/06\/AR4S0M9T8P0W.jpg\" alt=\"AR4S0M9T8P0W\">\n\t\t<\/div><div class=\"expertise content-padding-l-r-20 content-padding-bottom-20\"><h3 data-animation-child class=\"small-title-oswald text-color-1 hover-content fade-anim-box tr-delay01\" data-animation=\"fade-anim\">Implemente en un entorno h\u00edbrido<\/h3><br><p data-animation-child class=\"p-style-xsmall text-color-1 hover-content fade-anim-box tr-delay02\" data-animation=\"fade-anim\">Cree aplicaciones basadas en contenedores en las instalaciones o en la nube y disfrute de herramientas, administraci\u00f3n, programaci\u00f3n de cargas de trabajo y monitoreo consistentes en todos los entornos.<\/p><\/div><\/a><\/div>[\/vc_column_inner][vc_column_inner width=&#8221;1\/3&#8243;]<div class=\"bottom-padding-60\"><a data-animation-container href=\"#0\" target=\"_self\" class=\" hover-box pointer-large d-block light-bg-2\"><div data-animation-child class=\"overlay-anim-box2 overlay-dark-bg-2 expertise-img-box\" data-animation=\"overlay-anim2\">\n\t\t<img decoding=\"async\" class=\"hover-img\" src=\"https:\/\/xoratom.com\/wp-content\/uploads\/2022\/06\/234al-network-technology.jpg\" alt=\"234al-network-technology\">\n\t\t<\/div><div class=\"expertise content-padding-l-r-20 content-padding-bottom-20\"><h3 data-animation-child class=\"small-title-oswald text-color-1 hover-content fade-anim-box tr-delay01\" data-animation=\"fade-anim\">Cree y ejecute aplicaciones web<\/h3><br><p data-animation-child class=\"p-style-xsmall text-color-1 hover-content fade-anim-box tr-delay02\" data-animation=\"fade-anim\">Cree aplicaciones que se escalen y reduzcan autom\u00e1ticamente y se ejecuten en una configuraci\u00f3n de alta disponibilidad en varias zonas de disponibilidad (AZ) con integraciones de red y seguridad listas para usar.<\/p><\/div><\/a><\/div>[\/vc_column_inner][vc_column_inner width=&#8221;1\/3&#8243;]<div class=\"bottom-padding-60\"><a data-animation-container href=\"#0\" target=\"_self\" class=\" hover-box pointer-large d-block light-bg-2\"><div data-animation-child class=\"overlay-anim-box2 overlay-dark-bg-2 expertise-img-box\" data-animation=\"overlay-anim2\">\n\t\t<img decoding=\"async\" class=\"hover-img\" src=\"https:\/\/xoratom.com\/wp-content\/uploads\/2022\/06\/76354.jpg\" alt=\"76354\">\n\t\t<\/div><div class=\"expertise content-padding-l-r-20 content-padding-bottom-20\"><h3 data-animation-child class=\"small-title-oswald text-color-1 hover-content fade-anim-box tr-delay01\" data-animation=\"fade-anim\">Escalar aplicaciones web<\/h3><br><p data-animation-child class=\"p-style-xsmall text-color-1 hover-content fade-anim-box tr-delay02\" data-animation=\"fade-anim\">Escale y ejecute autom\u00e1ticamente aplicaciones web en varias zonas de disponibilidad con el rendimiento, la escala, la confiabilidad y la disponibilidad de AWS.<\/p><\/div><\/a><\/div>[\/vc_column_inner][\/vc_row_inner][vc_row_inner][vc_column_inner width=&#8221;1\/3&#8243;]<div class=\"bottom-padding-60\"><a data-animation-container href=\"#0\" target=\"_self\" class=\" hover-box pointer-large d-block light-bg-2\"><div data-animation-child class=\"overlay-anim-box2 overlay-dark-bg-2 expertise-img-box\" data-animation=\"overlay-anim2\">\n\t\t<img decoding=\"async\" class=\"hover-img\" src=\"https:\/\/xoratom.com\/wp-content\/uploads\/2022\/06\/blann200.jpg\" alt=\"blann200\">\n\t\t<\/div><div class=\"expertise content-padding-l-r-20 content-padding-bottom-20\"><h3 data-animation-child class=\"small-title-oswald text-color-1 hover-content fade-anim-box tr-delay01\" data-animation=\"fade-anim\">Inicie aplicaciones web simples<\/h3><br><p data-animation-child class=\"p-style-xsmall text-color-1 hover-content fade-anim-box tr-delay02\" data-animation=\"fade-anim\">Utilice pilas de desarrollo preconfiguradas como LAMP, Nginx, MEAN y Node.js. para estar en l\u00ednea r\u00e1pida y f\u00e1cilmente.<\/p><\/div><\/a><\/div>[\/vc_column_inner][vc_column_inner width=&#8221;1\/3&#8243;]<div class=\"bottom-padding-60\"><a data-animation-container href=\"#0\" target=\"_self\" class=\" hover-box pointer-large d-block light-bg-2\"><div data-animation-child class=\"overlay-anim-box2 overlay-dark-bg-2 expertise-img-box\" data-animation=\"overlay-anim2\">\n\t\t<img decoding=\"async\" class=\"hover-img\" src=\"https:\/\/xoratom.com\/wp-content\/uploads\/2022\/06\/blablaNN.jpg\" alt=\"blablaNN\">\n\t\t<\/div><div class=\"expertise content-padding-l-r-20 content-padding-bottom-20\"><h3 data-animation-child class=\"small-title-oswald text-color-1 hover-content fade-anim-box tr-delay01\" data-animation=\"fade-anim\">Crear sitios web personalizados<\/h3><br><p data-animation-child class=\"p-style-xsmall text-color-1 hover-content fade-anim-box tr-delay02\" data-animation=\"fade-anim\">Cree y personalice su blog, comercio electr\u00f3nico o sitio web personal con solo unos pocos clics, con aplicaciones preconfiguradas como WordPress, Magento, Prestashop y Joomla.<\/p><\/div><\/a><\/div>[\/vc_column_inner][vc_column_inner width=&#8221;1\/3&#8243;]<div class=\"bottom-padding-60\"><a data-animation-container href=\"#0\" target=\"_self\" class=\" hover-box pointer-large d-block light-bg-2\"><div data-animation-child class=\"overlay-anim-box2 overlay-dark-bg-2 expertise-img-box\" data-animation=\"overlay-anim2\">\n\t\t<img decoding=\"async\" class=\"hover-img\" src=\"https:\/\/xoratom.com\/wp-content\/uploads\/2022\/06\/2WE56TY67UY678IP.jpg\" alt=\"2WE56TY67UY678IP\">\n\t\t<\/div><div class=\"expertise content-padding-l-r-20 content-padding-bottom-20\"><h3 data-animation-child class=\"small-title-oswald text-color-1 hover-content fade-anim-box tr-delay01\" data-animation=\"fade-anim\">Cree aplicaciones para peque\u00f1as empresas<\/h3><br><p data-animation-child class=\"p-style-xsmall text-color-1 hover-content fade-anim-box tr-delay02\" data-animation=\"fade-anim\">Inicie software de l\u00ednea de negocio, como almacenamiento y uso compartido de archivos, copias de seguridad, software financiero y de contabilidad, y m\u00e1s.<\/p><\/div><\/a><\/div>[\/vc_column_inner][\/vc_row_inner][vc_row_inner][vc_column_inner width=&#8221;1\/3&#8243;]<div class=\"bottom-padding-60\"><a data-animation-container href=\"#0\" target=\"_self\" class=\" hover-box pointer-large d-block light-bg-2\"><div data-animation-child class=\"overlay-anim-box2 overlay-dark-bg-2 expertise-img-box\" data-animation=\"overlay-anim2\">\n\t\t<img decoding=\"async\" class=\"hover-img\" src=\"https:\/\/xoratom.com\/wp-content\/uploads\/2022\/06\/close-up-man-writing-code-on-the-laptop-2.jpg\" alt=\"close-up-man-writing-code-on-the-laptop 2\">\n\t\t<\/div><div class=\"expertise content-padding-l-r-20 content-padding-bottom-20\"><h3 data-animation-child class=\"small-title-oswald text-color-1 hover-content fade-anim-box tr-delay01\" data-animation=\"fade-anim\">Activar entornos de prueba<\/h3><br><p data-animation-child class=\"p-style-xsmall text-color-1 hover-content fade-anim-box tr-delay02\" data-animation=\"fade-anim\">Cree y elimine f\u00e1cilmente sandboxes de desarrollo y entornos de prueba donde puede probar nuevas ideas, sin riesgos.<\/p><\/div><\/a><\/div>[\/vc_column_inner][vc_column_inner width=&#8221;1\/3&#8243;]<div class=\"bottom-padding-60\"><a data-animation-container href=\"#0\" target=\"_self\" class=\" hover-box pointer-large d-block light-bg-2\"><div data-animation-child class=\"overlay-anim-box2 overlay-dark-bg-2 expertise-img-box\" data-animation=\"overlay-anim2\">\n\t\t<img decoding=\"async\" class=\"hover-img\" src=\"https:\/\/xoratom.com\/wp-content\/uploads\/2022\/06\/close-up-view-of-human-and-robot-hands-typing-on-l-2021-08-29-21-23-10-utc-2.jpg\" alt=\"close-up-view-of-human-and-robot-hands-typing-on-l-2021-08-29-21-23-10-utc 2\">\n\t\t<\/div><div class=\"expertise content-padding-l-r-20 content-padding-bottom-20\"><h3 data-animation-child class=\"small-title-oswald text-color-1 hover-content fade-anim-box tr-delay01\" data-animation=\"fade-anim\">Modelos de flujos de trabajo de aprendizaje autom\u00e1tico (ML)<\/h3><br><p data-animation-child class=\"p-style-xsmall text-color-1 hover-content fade-anim-box tr-delay02\" data-animation=\"fade-anim\">Ejecute de manera eficiente trabajos de capacitaci\u00f3n distribuidos con las \u00faltimas instancias impulsadas por GPU de Amazon Elastic Compute Cloud (EC2), incluida Inferentia, e implemente capacitaci\u00f3n e inferencias con Kubeflow.<\/p><\/div><\/a><\/div>[\/vc_column_inner][vc_column_inner width=&#8221;1\/3&#8243;][\/vc_column_inner][\/vc_row_inner][\/vc_column][\/vc_row][vc_row enable_container=&#8221;st2&#8243; section_back_opt=&#8221;dark-bg-2&#8243; sec_text_color_opt=&#8221;text-color-4&#8243; sec_text_align_opt=&#8221;text-center&#8221; row_padding_bottom=&#8221;no-padding-bottom&#8221;][vc_column][vc_row_inner][vc_column_inner]<div data-animation-container  class=\"bottom-padding-30 text-center\"><h2 data-animation-child class=\"xen-sec-title-class large-title text-height-10 text-color-4 overlay-anim-box2\" data-animation=\"overlay-anim2\">GET TO KNOW OUR WORK<\/h2><br><p data-animation-child class=\"fade-anim-box tr-delay02 text-color-4 xsmall-title-oswald top-margin-5\" data-animation=\"fade-anim\">WE OFFER DIGITAL SOLUTIONS<\/p><\/div>[\/vc_column_inner][\/vc_row_inner][\/vc_column][\/vc_row][vc_row enable_container=&#8221;st3&#8243; section_back_opt=&#8221;dark-bg-2&#8243; sec_text_color_opt=&#8221;text-color-4&#8243; row_padding_top=&#8221;no-padding-top&#8221;][vc_column]<div class=\"portfolio-slider2 top-bottom-padding-90\"><div class=\"swiper-wrapper\"><\/div><div class=\"swiper-button-next\">\n\t\t\t\t\t\t<div class=\"slider-arrow-next-box\">\n\t\t\t\t\t\t\t<span class=\"slider-arrow-next\"><\/span>\n\t\t\t\t\t\t<\/div>\n\t\t\t\t\t<\/div><!-- swiper-button-next end -->\n\t\t\t\t\t<!-- swiper-button-prev start -->\n\t\t\t\t\t<div class=\"swiper-button-prev\">\n\t\t\t\t\t\t<div class=\"slider-arrow-prev-box\">\n\t\t\t\t\t\t\t<span class=\"slider-arrow-prev\"><\/span>\n\t\t\t\t\t\t<\/div>\n\t\t\t\t\t<\/div><\/div>[\/vc_column][\/vc_row][vc_row][vc_column][vc_row_inner][vc_column_inner]<div data-animation-container  class=\"bottom-padding-60 text-center\"><h2 data-animation-child class=\"xen-sec-title-class title-style text-height-10 text-color-0 overlay-anim-box2\" data-animation=\"overlay-anim2\">DO YOU WANT TO DEVELOP YOUR PROJECT WITH US?<\/h2><br><p data-animation-child class=\"fade-anim-box tr-delay02 text-color-0 xsmall-title-oswald top-margin-5\" data-animation=\"fade-anim\">TELL US YOUR IDEA, WE\u2019LL HELP YOU MAKE IT A REALITY.<\/p><\/div><div role=\"form\" class=\"wpcf7\" id=\"wpcf7-f436-o1\" lang=\"en-US\" dir=\"ltr\">\n<div class=\"screen-reader-response\"><p role=\"status\" aria-live=\"polite\" aria-atomic=\"true\"><\/p> <ul><\/ul><\/div>\n<form action=\"\/en\/wp-json\/wp\/v2\/pages\/1622#wpcf7-f436-o1\" method=\"post\" class=\"wpcf7-form init\" novalidate=\"novalidate\" data-status=\"init\">\n<div style=\"display: none;\">\n<input type=\"hidden\" name=\"_wpcf7\" value=\"436\" \/>\n<input type=\"hidden\" name=\"_wpcf7_version\" value=\"5.5.2\" \/>\n<input type=\"hidden\" name=\"_wpcf7_locale\" value=\"en_US\" \/>\n<input type=\"hidden\" name=\"_wpcf7_unit_tag\" value=\"wpcf7-f436-o1\" \/>\n<input type=\"hidden\" name=\"_wpcf7_container_post\" value=\"0\" \/>\n<input type=\"hidden\" name=\"_wpcf7_posted_data_hash\" value=\"\" \/>\n<input type=\"hidden\" name=\"_wpcf7_recaptcha_response\" value=\"\" \/>\n<\/div>\n<div class=\"vc_row\">\n<div class=\"vc_col-sm-4\">\n<div class=\"vc_column-inner\">\n    <span class=\"wpcf7-form-control-wrap your-name\"><input type=\"text\" name=\"your-name\" value=\"\" size=\"40\" class=\"wpcf7-form-control wpcf7-text wpcf7-validates-as-required\" aria-required=\"true\" aria-invalid=\"false\" placeholder=\"Ingresa tu nombre\" \/><\/span>\n<\/div>\n<\/div>\n<div class=\"vc_col-sm-4\">\n<div class=\"vc_column-inner\">\n    <span class=\"wpcf7-form-control-wrap your-email\"><input type=\"email\" name=\"your-email\" value=\"\" size=\"40\" class=\"wpcf7-form-control wpcf7-text wpcf7-email wpcf7-validates-as-required wpcf7-validates-as-email\" aria-required=\"true\" aria-invalid=\"false\" placeholder=\"Ingresa tu correo electr\u00f3nico\" \/><\/span>\n<\/div>\n<\/div>\n<div class=\"vc_col-sm-4\">\n<div class=\"vc_column-inner\">\n    <span class=\"wpcf7-form-control-wrap your-subject\"><input type=\"text\" name=\"your-subject\" value=\"\" size=\"40\" class=\"wpcf7-form-control wpcf7-text\" aria-invalid=\"false\" placeholder=\"Asunto\" \/><\/span>\n<\/div>\n<\/div>\n<\/div>\n<p>    <span class=\"wpcf7-form-control-wrap your-message\"><textarea name=\"your-message\" cols=\"40\" rows=\"10\" class=\"wpcf7-form-control wpcf7-textarea\" aria-invalid=\"false\" placeholder=\"Mensaje\"><\/textarea><\/span><\/p>\n<div class=\"twelve-columns text-center top-padding-90\"><button class=\"border-btn-box pointer-large\"><span class=\"border-btn-inner\"><span class=\"border-btn\" data-text=\"Contactar\">Contactar<\/span><\/span><\/button><\/div>\n<div class=\"wpcf7-response-output\" aria-hidden=\"true\"><\/div><\/form><\/div>[\/vc_column_inner][\/vc_row_inner][\/vc_column][\/vc_row]\n","protected":false},"excerpt":{"rendered":"<p>[vc_row section_back_opt=&#8221;dark-bg-1&#8243; row_padding_bottom=&#8221;no-padding-bottom&#8221;][vc_column][vc_row_inner][vc_column_inner][\/vc_column_inner][\/vc_row_inner][\/vc_column][\/vc_row][vc_row enable_container=&#8221;st2&#8243; section_back_opt=&#8221;dark-bg-1&#8243; sec_text_color_opt=&#8221;text-color-4&#8243; row_padding_top=&#8221;top-padding-60&#8243; row_padding_bottom=&#8221;bottom-padding-60&#8243;][vc_column width=&#8221;4\/12&#8243;][wr_vc_titleani2s text_align=&#8221;text-left&#8221; text_color=&#8221;text-color-4&#8243; padding_bottom=&#8221;bottom-padding-0&#8243; sub_title=&#8221;CLOUD COMPUTING SOLUTIONS&#8221;][wr_vc_titleani2 title=&#8221;IDEAL FOR COMPANIES&#8221; animation_delay=&#8221;01&#8243;][wr_vc_titleani2 title=&#8221;LOOKING FOR PERFORMANCE&#8221;&#8230;<\/p>\n","protected":false},"author":4,"featured_media":1425,"parent":0,"menu_order":0,"comment_status":"closed","ping_status":"closed","template":"","meta":{"_monsterinsights_skip_tracking":false,"_monsterinsights_sitenote_active":false,"_monsterinsights_sitenote_note":"","_monsterinsights_sitenote_category":0,"footnotes":""},"class_list":["post-1622","page","type-page","status-publish","has-post-thumbnail","hentry"],"_links":{"self":[{"href":"https:\/\/xoratom.com\/en\/wp-json\/wp\/v2\/pages\/1622","targetHints":{"allow":["GET"]}}],"collection":[{"href":"https:\/\/xoratom.com\/en\/wp-json\/wp\/v2\/pages"}],"about":[{"href":"https:\/\/xoratom.com\/en\/wp-json\/wp\/v2\/types\/page"}],"author":[{"embeddable":true,"href":"https:\/\/xoratom.com\/en\/wp-json\/wp\/v2\/users\/4"}],"replies":[{"embeddable":true,"href":"https:\/\/xoratom.com\/en\/wp-json\/wp\/v2\/comments?post=1622"}],"version-history":[{"count":4,"href":"https:\/\/xoratom.com\/en\/wp-json\/wp\/v2\/pages\/1622\/revisions"}],"predecessor-version":[{"id":1636,"href":"https:\/\/xoratom.com\/en\/wp-json\/wp\/v2\/pages\/1622\/revisions\/1636"}],"wp:featuredmedia":[{"embeddable":true,"href":"https:\/\/xoratom.com\/en\/wp-json\/wp\/v2\/media\/1425"}],"wp:attachment":[{"href":"https:\/\/xoratom.com\/en\/wp-json\/wp\/v2\/media?parent=1622"}],"curies":[{"name":"wp","href":"https:\/\/api.w.org\/{rel}","templated":true}]}}