{"id":1604,"date":"2022-03-11T18:54:40","date_gmt":"2022-03-11T17:54:40","guid":{"rendered":"https:\/\/xoratom.com\/inteligencia-artificial\/"},"modified":"2022-12-20T02:11:28","modified_gmt":"2022-12-20T01:11:28","slug":"inteligencia-artificial","status":"publish","type":"page","link":"https:\/\/xoratom.com\/en\/inteligencia-artificial\/","title":{"rendered":"INTELIGENCIA ARTIFICIAL"},"content":{"rendered":"[vc_row section_back_opt=&#8221;dark-bg-1&#8243; row_padding_bottom=&#8221;no-padding-bottom&#8221;][vc_column][vc_row_inner][vc_column_inner]<div data-animation-container  class=\"bottom-padding-60 text-center\"><h2 data-animation-child class=\"xen-sec-title-class large-title text-height-10 text-color-4 overlay-anim-box2\" data-animation=\"overlay-anim2\">HOW CAN I USE ARTIFICIAL INTELLIGENCE?<\/h2><br><\/div><div class=\"top-padding-30\"><div class=\"services-bg img-50vh\" style=\"background-image:url(https:\/\/xoratom.com\/wp-content\/uploads\/2021\/11\/ai-xoratom-24-2.jpg)\"><\/div><\/div>[\/vc_column_inner][\/vc_row_inner][\/vc_column][\/vc_row][vc_row enable_container=&#8221;st2&#8243; section_back_opt=&#8221;dark-bg-1&#8243; sec_text_color_opt=&#8221;text-color-4&#8243; row_padding_top=&#8221;top-padding-60&#8243; row_padding_bottom=&#8221;bottom-padding-60&#8243;][vc_column width=&#8221;4\/12&#8243;][wr_vc_titleani2s text_align=&#8221;text-left&#8221; text_color=&#8221;text-color-4&#8243; padding_bottom=&#8221;bottom-padding-0&#8243; sub_title=&#8221;IMPROVES COMPETITIVENESS AND CAPABILITY&#8221;][wr_vc_titleani2 title=&#8221;ARTIFICIAL&#8221; animation_delay=&#8221;01&#8243;][wr_vc_titleani2 title=&#8221;INTELLIGENCE APPLIED&#8221; animation_delay=&#8221;02&#8243;][wr_vc_titleani2 title=&#8221;TO COMPANIES&#8221; animation_delay=&#8221;03&#8243;][\/wr_vc_titleani2s][wr_vc_lists text_color=&#8221;text-color-4&#8243; top_padding=&#8221;top-padding-20&#8243;][wr_vc_list animation_delay=&#8221;04&#8243; text_color=&#8221;text-color-4&#8243;]FACIAL RECOGNITION[\/wr_vc_list][wr_vc_list animation_delay=&#8221;05&#8243; text_color=&#8221;text-color-4&#8243;]OBJECT RECOGNITION[\/wr_vc_list][wr_vc_list animation_delay=&#8221;06&#8243; text_color=&#8221;text-color-4&#8243;]Chatbots[\/wr_vc_list][wr_vc_list animation_delay=&#8221;07&#8243; text_color=&#8221;text-color-4&#8243;]IMAGE COUNTING[\/wr_vc_list][\/wr_vc_lists][\/vc_column][vc_column width=&#8221;8\/12&#8243;]<div data-animation-container><div data-animation-child class=\"p-style-large text-color-5 text-left xen-textblock pull-left fade-anim-box tr-delay04\" data-animation=\"fade-anim\"><span style=\"font-weight: 400;\">All industries are prone to a revolution because of artificial intelligence. Large companies worldwide are applying AI to their products and services, and that&#8217;s what we are looking for<\/span><span style=\"font-weight: 400;\">.<\/span><\/p>\n<p><span style=\"font-weight: 400;\">At Xoratom we believe that with AI we can transform your business, making it efficient in all its processes and improving people&#8217;s quality of life<\/span><span style=\"font-weight: 400;\">.<\/span><\/div><\/div>[\/vc_column][\/vc_row][vc_row section_back_opt=&#8221;dark-bg-1&#8243; row_padding_top=&#8221;no-padding-top&#8221; row_padding_bottom=&#8221;no-padding-bottom&#8221;][vc_column][vc_row_inner][vc_column_inner]<div class=\"top-padding-30\"><div class=\"services-bg img-50vh\" style=\"background-image:url(https:\/\/xoratom.com\/wp-content\/uploads\/2022\/03\/man-watch-groceries-in-online-store-on-gadget-2021-12-09-03-19-00-utc-1-1-2-scaled.jpg)\"><\/div><\/div>[vc_empty_space height=&#8221;52px&#8221;][\/vc_column_inner][\/vc_row_inner][\/vc_column][\/vc_row][vc_row menu_logo_opt=&#8221;st2&#8243; row_padding_bottom=&#8221;bottom-padding-60&#8243;][vc_column][vc_row_inner][vc_column_inner]<div data-animation-container  class=\"bottom-padding-60 text-center\"><h2 data-animation-child class=\"xen-sec-title-class title-style text-height-10 text-color-0 overlay-anim-box2\" data-animation=\"overlay-anim2\">HOW TO USE ARTIFICIAL INTELLIGENCE?<\/h2><br><p data-animation-child class=\"fade-anim-box tr-delay02 text-color-0 xsmall-title-oswald top-margin-5\" data-animation=\"fade-anim\">INNOVATE FASTER WITH THE MOST COMPREHENSIVE SET OF ARTIFICIAL INTELLIGENCE (AI) AND MACHINE LEARNING (ML) SERVICES.<\/p><\/div>[\/vc_column_inner][\/vc_row_inner][vc_row_inner][vc_column_inner width=&#8221;1\/3&#8243;]<div class=\"bottom-padding-60\"><a data-animation-container href=\"#0\" target=\"_self\" class=\" hover-box pointer-large d-block light-bg-2\"><div data-animation-child class=\"overlay-anim-box2 overlay-dark-bg-2 expertise-img-box\" data-animation=\"overlay-anim2\">\n\t\t<img decoding=\"async\" class=\"hover-img\" src=\"https:\/\/xoratom.com\/wp-content\/uploads\/2022\/06\/01.jpg\" alt=\"01\">\n\t\t<\/div><div class=\"expertise content-padding-l-r-20 content-padding-bottom-20\"><h3 data-animation-child class=\"small-title-oswald text-color-1 hover-content fade-anim-box tr-delay01\" data-animation=\"fade-anim\">Content moderation<\/h3><br><p data-animation-child class=\"p-style-xsmall text-color-1 hover-content fade-anim-box tr-delay02\" data-animation=\"fade-anim\">Detect potentially unsafe, inappropriate, or unwanted content across images and videos.<\/p><\/div><\/a><\/div>[\/vc_column_inner][vc_column_inner width=&#8221;1\/3&#8243;]<div class=\"bottom-padding-60\"><a data-animation-container href=\"#0\" target=\"_self\" class=\" hover-box pointer-large d-block light-bg-2\"><div data-animation-child class=\"overlay-anim-box2 overlay-dark-bg-2 expertise-img-box\" data-animation=\"overlay-anim2\">\n\t\t<img decoding=\"async\" class=\"hover-img\" src=\"https:\/\/xoratom.com\/wp-content\/uploads\/2022\/06\/a00.jpg\" alt=\"a00\">\n\t\t<\/div><div class=\"expertise content-padding-l-r-20 content-padding-bottom-20\"><h3 data-animation-child class=\"small-title-oswald text-color-1 hover-content fade-anim-box tr-delay01\" data-animation=\"fade-anim\">Face compare and search<\/h3><br><p data-animation-child class=\"p-style-xsmall text-color-1 hover-content fade-anim-box tr-delay02\" data-animation=\"fade-anim\">Determine the similarity of a face against another picture or from your private image repository.<\/p><\/div><\/a><\/div>[\/vc_column_inner][vc_column_inner width=&#8221;1\/3&#8243;]<div class=\"bottom-padding-60\"><a data-animation-container href=\"#0\" target=\"_self\" class=\" hover-box pointer-large d-block light-bg-2\"><div data-animation-child class=\"overlay-anim-box2 overlay-dark-bg-2 expertise-img-box\" data-animation=\"overlay-anim2\">\n\t\t<img decoding=\"async\" class=\"hover-img\" src=\"https:\/\/xoratom.com\/wp-content\/uploads\/2022\/06\/L00.jpg\" alt=\"L00\">\n\t\t<\/div><div class=\"expertise content-padding-l-r-20 content-padding-bottom-20\"><h3 data-animation-child class=\"small-title-oswald text-color-1 hover-content fade-anim-box tr-delay01\" data-animation=\"fade-anim\">Face detection and analysis<\/h3><br><p data-animation-child class=\"p-style-xsmall text-color-1 hover-content fade-anim-box tr-delay02\" data-animation=\"fade-anim\">Detect faces appearing in images and videos and recognize attributes such as open eyes, glasses, and facial hair for each.<\/p><\/div><\/a><\/div>[\/vc_column_inner][\/vc_row_inner][vc_row_inner][vc_column_inner width=&#8221;1\/3&#8243;]<div class=\"bottom-padding-60\"><a data-animation-container href=\"#0\" target=\"_self\" class=\" hover-box pointer-large d-block light-bg-2\"><div data-animation-child class=\"overlay-anim-box2 overlay-dark-bg-2 expertise-img-box\" data-animation=\"overlay-anim2\">\n\t\t<img decoding=\"async\" class=\"hover-img\" src=\"https:\/\/xoratom.com\/wp-content\/uploads\/2022\/06\/he-package-utc.jpg\" alt=\"he-package-utc\">\n\t\t<\/div><div class=\"expertise content-padding-l-r-20 content-padding-bottom-20\"><h3 data-animation-child class=\"small-title-oswald text-color-1 hover-content fade-anim-box tr-delay01\" data-animation=\"fade-anim\">Labels<\/h3><br><p data-animation-child class=\"p-style-xsmall text-color-1 hover-content fade-anim-box tr-delay02\" data-animation=\"fade-anim\">Detect objects, scenes, activities, landmarks, dominant colors, and image quality.<\/p><\/div><\/a><\/div>[\/vc_column_inner][vc_column_inner width=&#8221;1\/3&#8243;]<div class=\"bottom-padding-60\"><a data-animation-container href=\"#0\" target=\"_self\" class=\" hover-box pointer-large d-block light-bg-2\"><div data-animation-child class=\"overlay-anim-box2 overlay-dark-bg-2 expertise-img-box\" data-animation=\"overlay-anim2\">\n\t\t<img decoding=\"async\" class=\"hover-img\" src=\"https:\/\/xoratom.com\/wp-content\/uploads\/2022\/06\/img3-2.jpg\" alt=\"img3 2\">\n\t\t<\/div><div class=\"expertise content-padding-l-r-20 content-padding-bottom-20\"><h3 data-animation-child class=\"small-title-oswald text-color-1 hover-content fade-anim-box tr-delay01\" data-animation=\"fade-anim\">Video segment detection<\/h3><br><p data-animation-child class=\"p-style-xsmall text-color-1 hover-content fade-anim-box tr-delay02\" data-animation=\"fade-anim\">Detect key segments in videos, such as black frames, start or end credits, slates, color bars, and shots.<\/p><\/div><\/a><\/div>[\/vc_column_inner][vc_column_inner width=&#8221;1\/3&#8243;]<div class=\"bottom-padding-60\"><a data-animation-container href=\"#0\" target=\"_self\" class=\" hover-box pointer-large d-block light-bg-2\"><div data-animation-child class=\"overlay-anim-box2 overlay-dark-bg-2 expertise-img-box\" data-animation=\"overlay-anim2\">\n\t\t<img decoding=\"async\" class=\"hover-img\" src=\"https:\/\/xoratom.com\/wp-content\/uploads\/2022\/06\/reconocimiento-de-objetos.jpg\" alt=\"reconocimiento-de-objetos\">\n\t\t<\/div><div class=\"expertise content-padding-l-r-20 content-padding-bottom-20\"><h3 data-animation-child class=\"small-title-oswald text-color-1 hover-content fade-anim-box tr-delay01\" data-animation=\"fade-anim\">Streaming Video Events detection<\/h3><br><p data-animation-child class=\"p-style-xsmall text-color-1 hover-content fade-anim-box tr-delay02\" data-animation=\"fade-anim\">Detect objects such as packages, pets, or people in real-time from live video streams.<\/p><\/div><\/a><\/div>[\/vc_column_inner][\/vc_row_inner][vc_row_inner][vc_column_inner width=&#8221;1\/3&#8243;]<div class=\"bottom-padding-60\"><a data-animation-container href=\"#0\" target=\"_self\" class=\" hover-box pointer-large d-block light-bg-2\"><div data-animation-child class=\"overlay-anim-box2 overlay-dark-bg-2 expertise-img-box\" data-animation=\"overlay-anim2\">\n\t\t<img decoding=\"async\" class=\"hover-img\" src=\"https:\/\/xoratom.com\/wp-content\/uploads\/2022\/06\/usuarios-reconocimiento.jpg\" alt=\"usuarios-reconocimiento\">\n\t\t<\/div><div class=\"expertise content-padding-l-r-20 content-padding-bottom-20\"><h3 data-animation-child class=\"small-title-oswald text-color-1 hover-content fade-anim-box tr-delay01\" data-animation=\"fade-anim\">Verify identity online<\/h3><br><p data-animation-child class=\"p-style-xsmall text-color-1 hover-content fade-anim-box tr-delay02\" data-animation=\"fade-anim\">Use facial comparison and analysis in your user onboarding and authentication workflows to remotely verify the identity of opted-in users.<\/p><\/div><\/a><\/div>[\/vc_column_inner][vc_column_inner width=&#8221;1\/3&#8243;]<div class=\"bottom-padding-60\"><a data-animation-container href=\"#0\" target=\"_self\" class=\" hover-box pointer-large d-block light-bg-2\"><div data-animation-child class=\"overlay-anim-box2 overlay-dark-bg-2 expertise-img-box\" data-animation=\"overlay-anim2\">\n\t\t<img decoding=\"async\" class=\"hover-img\" src=\"https:\/\/xoratom.com\/wp-content\/uploads\/2022\/06\/Amazon-Index-and-search-product-reviews.jpg\" alt=\"Amazon-Index-and-search-product-reviews\">\n\t\t<\/div><div class=\"expertise content-padding-l-r-20 content-padding-bottom-20\"><h3 data-animation-child class=\"small-title-oswald text-color-1 hover-content fade-anim-box tr-delay01\" data-animation=\"fade-anim\">Indexar y buscar rese\u00f1as de productos<\/h3><br><p data-animation-child class=\"p-style-xsmall text-color-1 hover-content fade-anim-box tr-delay02\" data-animation=\"fade-anim\">Conc\u00e9ntrese en el contexto equipando su motor de b\u00fasqueda para indexar frases clave, entidades y sentimientos, no solo palabras clave.<\/p><\/div><\/a><\/div>[\/vc_column_inner][vc_column_inner width=&#8221;1\/3&#8243;]<div class=\"bottom-padding-60\"><a data-animation-container href=\"#0\" target=\"_self\" class=\" hover-box pointer-large d-block light-bg-2\"><div data-animation-child class=\"overlay-anim-box2 overlay-dark-bg-2 expertise-img-box\" data-animation=\"overlay-anim2\">\n\t\t<img decoding=\"async\" class=\"hover-img\" src=\"https:\/\/xoratom.com\/wp-content\/uploads\/2022\/06\/legal-concept.jpg\" alt=\"legal-concept\">\n\t\t<\/div><div class=\"expertise content-padding-l-r-20 content-padding-bottom-20\"><h3 data-animation-child class=\"small-title-oswald text-color-1 hover-content fade-anim-box tr-delay01\" data-animation=\"fade-anim\">Gesti\u00f3n de escritos jur\u00eddicos<\/h3><br><p data-animation-child class=\"p-style-xsmall text-color-1 hover-content fade-anim-box tr-delay02\" data-animation=\"fade-anim\">Automatice la extracci\u00f3n de informaci\u00f3n de informes legales, como contratos y registros judiciales.<\/p><\/div><\/a><\/div>[\/vc_column_inner][\/vc_row_inner][vc_row_inner][vc_column_inner width=&#8221;1\/3&#8243;]<div class=\"bottom-padding-60\"><a data-animation-container href=\"#0\" target=\"_self\" class=\" hover-box pointer-large d-block light-bg-2\"><div data-animation-child class=\"overlay-anim-box2 overlay-dark-bg-2 expertise-img-box\" data-animation=\"overlay-anim2\">\n\t\t<img decoding=\"async\" class=\"hover-img\" src=\"https:\/\/xoratom.com\/wp-content\/uploads\/2022\/06\/9-utc.jpg\" alt=\"9-utc\">\n\t\t<\/div><div class=\"expertise content-padding-l-r-20 content-padding-bottom-20\"><h3 data-animation-child class=\"small-title-oswald text-color-1 hover-content fade-anim-box tr-delay01\" data-animation=\"fade-anim\">Procesar documentos financieros<\/h3><br><p data-animation-child class=\"p-style-xsmall text-color-1 hover-content fade-anim-box tr-delay02\" data-animation=\"fade-anim\">Clasifique y extraiga informaci\u00f3n de documentos de servicios financieros, como reclamos de seguros o paquetes de hipotecas.<\/p><\/div><\/a><\/div>[\/vc_column_inner][vc_column_inner width=&#8221;1\/3&#8243;]<div class=\"bottom-padding-60\"><a data-animation-container href=\"#0\" target=\"_self\" class=\" hover-box pointer-large d-block light-bg-2\"><div data-animation-child class=\"overlay-anim-box2 overlay-dark-bg-2 expertise-img-box\" data-animation=\"overlay-anim2\">\n\t\t<img decoding=\"async\" class=\"hover-img\" src=\"https:\/\/xoratom.com\/wp-content\/uploads\/2022\/06\/123.jpg\" alt=\"123\">\n\t\t<\/div><div class=\"expertise content-padding-l-r-20 content-padding-bottom-20\"><h3 data-animation-child class=\"small-title-oswald text-color-1 hover-content fade-anim-box tr-delay01\" data-animation=\"fade-anim\">Convierta el texto en un discurso realista<\/h3><br><p data-animation-child class=\"p-style-xsmall text-color-1 hover-content fade-anim-box tr-delay02\" data-animation=\"fade-anim\">Cree contenido a trav\u00e9s del audio, al generar voces humanas con un sonido natural en docenas de idiomas, lo que facilita agregar voz a aplicaciones con una audiencia global.<\/p>\n<\/p><\/div><\/a><\/div>[\/vc_column_inner][vc_column_inner width=&#8221;1\/3&#8243;]<div class=\"bottom-padding-60\"><a data-animation-container href=\"#0\" target=\"_self\" class=\" hover-box pointer-large d-block light-bg-2\"><div data-animation-child class=\"overlay-anim-box2 overlay-dark-bg-2 expertise-img-box\" data-animation=\"overlay-anim2\">\n\t\t<img decoding=\"async\" class=\"hover-img\" src=\"https:\/\/xoratom.com\/wp-content\/uploads\/2022\/06\/bot-22-1.jpg\" alt=\"bot-22\">\n\t\t<\/div><div class=\"expertise content-padding-l-r-20 content-padding-bottom-20\"><h3 data-animation-child class=\"small-title-oswald text-color-1 hover-content fade-anim-box tr-delay01\" data-animation=\"fade-anim\">Telefon\u00eda<\/h3><br><p data-animation-child class=\"p-style-xsmall text-color-1 hover-content fade-anim-box tr-delay02\" data-animation=\"fade-anim\">Texto a voz para sistemas de telefon\u00eda con voces que suenan naturales, para centros de contacto que brindan informaci\u00f3n automatizada en tiempo real, como el estado del servicio, consultas sobre cuentas y facturaci\u00f3n y otros.<\/p><\/div><\/a><\/div>[\/vc_column_inner][\/vc_row_inner][\/vc_column][\/vc_row][vc_row enable_container=&#8221;st2&#8243; section_back_opt=&#8221;dark-bg-2&#8243; sec_text_color_opt=&#8221;text-color-4&#8243; sec_text_align_opt=&#8221;text-center&#8221; row_padding_bottom=&#8221;no-padding-bottom&#8221;][vc_column][vc_row_inner][vc_column_inner]<div data-animation-container  class=\"bottom-padding-30 text-center\"><h2 data-animation-child class=\"xen-sec-title-class large-title text-height-10 text-color-4 overlay-anim-box2\" data-animation=\"overlay-anim2\">GET TO KNOW OUR WORK<\/h2><br><p data-animation-child class=\"fade-anim-box tr-delay02 text-color-4 xsmall-title-oswald top-margin-5\" data-animation=\"fade-anim\">WE OFFER DIGITAL SOLUTIONS<\/p><\/div>[\/vc_column_inner][\/vc_row_inner][\/vc_column][\/vc_row][vc_row enable_container=&#8221;st3&#8243; section_back_opt=&#8221;dark-bg-2&#8243; sec_text_color_opt=&#8221;text-color-4&#8243; row_padding_top=&#8221;no-padding-top&#8221;][vc_column]<div class=\"portfolio-slider2 top-bottom-padding-90\"><div class=\"swiper-wrapper\"><a href=\"https:\/\/xoratom.com\/en\/portfolio\/rfrsh-cubata\/\" class=\"swiper-slide hover-box animsition-link pointer-large\"><div class=\"hidden-box\"><img decoding=\"async\" class=\"hover-img\" src=\"https:\/\/xoratom.com\/wp-content\/uploads\/2020\/01\/cubata2-758x520.jpg\" alt=\"cubata2\"><\/div><div class=\"portfolio-slider2-content\"><span class=\"small-title-oswald red-color portfolio-slider-overlay\">Customized  Xoratom  <\/span><h2 class=\"title-style text-color-4\"><span class=\"hidden-box d-block text-height-10\">\n\t\t\t\t\t<span class=\"portfolio-slider-fade portfolio-slider-tr-01\">CUSTOMIZED<\/span>\n\t\t\t\t\t<\/span><span class=\"hidden-box d-block text-height-10\">\n\t\t\t\t\t<span class=\"portfolio-slider-fade portfolio-slider-tr-02\">WEBSITE FOR <\/span>\n\t\t\t\t\t<\/span><span class=\"hidden-box d-block text-height-10\">\n\t\t\t\t\t<span class=\"portfolio-slider-fade portfolio-slider-tr-03\">RFRSH &amp; CUBATA<\/span>\n\t\t\t\t\t<\/span><\/h2><\/div><\/a><a href=\"https:\/\/xoratom.com\/en\/portfolio\/aventuras-cancan\/\" class=\"swiper-slide hover-box animsition-link pointer-large\"><div class=\"hidden-box\"><img decoding=\"async\" class=\"hover-img\" src=\"https:\/\/xoratom.com\/wp-content\/uploads\/2020\/01\/aventuras-xoratom-juegos-aventura-jurassica-758x520.png\" alt=\"aventuras-xoratom-juegos-aventura-jurassica\"><\/div><div class=\"portfolio-slider2-content\"><span class=\"small-title-oswald red-color portfolio-slider-overlay\">Games  Xoratom  <\/span><h2 class=\"title-style text-color-4\"><span class=\"hidden-box d-block text-height-10\">\n\t\t\t\t\t<span class=\"portfolio-slider-fade portfolio-slider-tr-01\">Aventuras Cancan<\/span>\n\t\t\t\t\t<\/span><\/h2><\/div><\/a><a href=\"https:\/\/xoratom.com\/en\/portfolio\/nescafe-extra-aguinaldo\/\" class=\"swiper-slide hover-box animsition-link pointer-large\"><div class=\"hidden-box\"><img decoding=\"async\" class=\"hover-img\" src=\"https:\/\/xoratom.com\/wp-content\/uploads\/2022\/07\/nescafe2-758x520.jpg\" alt=\"nescafe2\"><\/div><div class=\"portfolio-slider2-content\"><span class=\"small-title-oswald red-color portfolio-slider-overlay\">Chatbot  Xoratom  <\/span><h2 class=\"title-style text-color-4\"><span class=\"hidden-box d-block text-height-10\">\n\t\t\t\t\t<span class=\"portfolio-slider-fade portfolio-slider-tr-01\">Nescaf\u00e9<\/span>\n\t\t\t\t\t<\/span><span class=\"hidden-box d-block text-height-10\">\n\t\t\t\t\t<span class=\"portfolio-slider-fade portfolio-slider-tr-02\">Chatbot<\/span>\n\t\t\t\t\t<\/span><span class=\"hidden-box d-block text-height-10\">\n\t\t\t\t\t<span class=\"portfolio-slider-fade portfolio-slider-tr-03\">Extra aguinaldo<\/span>\n\t\t\t\t\t<\/span><\/h2><\/div><\/a><\/div><div class=\"swiper-button-next\">\n\t\t\t\t\t\t<div class=\"slider-arrow-next-box\">\n\t\t\t\t\t\t\t<span class=\"slider-arrow-next\"><\/span>\n\t\t\t\t\t\t<\/div>\n\t\t\t\t\t<\/div><!-- swiper-button-next end -->\n\t\t\t\t\t<!-- swiper-button-prev start -->\n\t\t\t\t\t<div class=\"swiper-button-prev\">\n\t\t\t\t\t\t<div class=\"slider-arrow-prev-box\">\n\t\t\t\t\t\t\t<span class=\"slider-arrow-prev\"><\/span>\n\t\t\t\t\t\t<\/div>\n\t\t\t\t\t<\/div><\/div>[\/vc_column][\/vc_row][vc_row][vc_column][vc_row_inner][vc_column_inner]<div data-animation-container  class=\"bottom-padding-60 text-center\"><h2 data-animation-child class=\"xen-sec-title-class title-style text-height-10 text-color-0 overlay-anim-box2\" data-animation=\"overlay-anim2\">DO YOU WANT TO DEVELOP YOUR PROJECT WITH US?<\/h2><br><p data-animation-child class=\"fade-anim-box tr-delay02 text-color-0 xsmall-title-oswald top-margin-5\" data-animation=\"fade-anim\">TELL US YOUR IDEA, WE\u2019LL HELP YOU MAKE IT A REALITY<\/p><\/div><div role=\"form\" class=\"wpcf7\" id=\"wpcf7-f436-o1\" lang=\"en-US\" dir=\"ltr\">\n<div class=\"screen-reader-response\"><p role=\"status\" aria-live=\"polite\" aria-atomic=\"true\"><\/p> <ul><\/ul><\/div>\n<form action=\"\/en\/wp-json\/wp\/v2\/pages\/1604#wpcf7-f436-o1\" method=\"post\" class=\"wpcf7-form init\" novalidate=\"novalidate\" data-status=\"init\">\n<div style=\"display: none;\">\n<input type=\"hidden\" name=\"_wpcf7\" value=\"436\" \/>\n<input type=\"hidden\" name=\"_wpcf7_version\" value=\"5.5.2\" \/>\n<input type=\"hidden\" name=\"_wpcf7_locale\" value=\"en_US\" \/>\n<input type=\"hidden\" name=\"_wpcf7_unit_tag\" value=\"wpcf7-f436-o1\" \/>\n<input type=\"hidden\" name=\"_wpcf7_container_post\" value=\"0\" \/>\n<input type=\"hidden\" name=\"_wpcf7_posted_data_hash\" value=\"\" \/>\n<input type=\"hidden\" name=\"_wpcf7_recaptcha_response\" value=\"\" \/>\n<\/div>\n<div class=\"vc_row\">\n<div class=\"vc_col-sm-4\">\n<div class=\"vc_column-inner\">\n    <span class=\"wpcf7-form-control-wrap your-name\"><input type=\"text\" name=\"your-name\" value=\"\" size=\"40\" class=\"wpcf7-form-control wpcf7-text wpcf7-validates-as-required\" aria-required=\"true\" aria-invalid=\"false\" placeholder=\"Ingresa tu nombre\" \/><\/span>\n<\/div>\n<\/div>\n<div class=\"vc_col-sm-4\">\n<div class=\"vc_column-inner\">\n    <span class=\"wpcf7-form-control-wrap your-email\"><input type=\"email\" name=\"your-email\" value=\"\" size=\"40\" class=\"wpcf7-form-control wpcf7-text wpcf7-email wpcf7-validates-as-required wpcf7-validates-as-email\" aria-required=\"true\" aria-invalid=\"false\" placeholder=\"Ingresa tu correo electr\u00f3nico\" \/><\/span>\n<\/div>\n<\/div>\n<div class=\"vc_col-sm-4\">\n<div class=\"vc_column-inner\">\n    <span class=\"wpcf7-form-control-wrap your-subject\"><input type=\"text\" name=\"your-subject\" value=\"\" size=\"40\" class=\"wpcf7-form-control wpcf7-text\" aria-invalid=\"false\" placeholder=\"Asunto\" \/><\/span>\n<\/div>\n<\/div>\n<\/div>\n<p>    <span class=\"wpcf7-form-control-wrap your-message\"><textarea name=\"your-message\" cols=\"40\" rows=\"10\" class=\"wpcf7-form-control wpcf7-textarea\" aria-invalid=\"false\" placeholder=\"Mensaje\"><\/textarea><\/span><\/p>\n<div class=\"twelve-columns text-center top-padding-90\"><button class=\"border-btn-box pointer-large\"><span class=\"border-btn-inner\"><span class=\"border-btn\" data-text=\"Contactar\">Contactar<\/span><\/span><\/button><\/div>\n<div class=\"wpcf7-response-output\" aria-hidden=\"true\"><\/div><\/form><\/div>[\/vc_column_inner][\/vc_row_inner][\/vc_column][\/vc_row]\n","protected":false},"excerpt":{"rendered":"<p>[vc_row section_back_opt=&#8221;dark-bg-1&#8243; row_padding_bottom=&#8221;no-padding-bottom&#8221;][vc_column][vc_row_inner][vc_column_inner][\/vc_column_inner][\/vc_row_inner][\/vc_column][\/vc_row][vc_row enable_container=&#8221;st2&#8243; section_back_opt=&#8221;dark-bg-1&#8243; sec_text_color_opt=&#8221;text-color-4&#8243; row_padding_top=&#8221;top-padding-60&#8243; row_padding_bottom=&#8221;bottom-padding-60&#8243;][vc_column width=&#8221;4\/12&#8243;][wr_vc_titleani2s text_align=&#8221;text-left&#8221; text_color=&#8221;text-color-4&#8243; padding_bottom=&#8221;bottom-padding-0&#8243; sub_title=&#8221;IMPROVES COMPETITIVENESS AND CAPABILITY&#8221;][wr_vc_titleani2 title=&#8221;ARTIFICIAL&#8221; animation_delay=&#8221;01&#8243;][wr_vc_titleani2 title=&#8221;INTELLIGENCE APPLIED&#8221; animation_delay=&#8221;02&#8243;][wr_vc_titleani2 title=&#8221;TO&#8230;<\/p>\n","protected":false},"author":4,"featured_media":1421,"parent":0,"menu_order":0,"comment_status":"closed","ping_status":"closed","template":"","meta":{"_monsterinsights_skip_tracking":false,"_monsterinsights_sitenote_active":false,"_monsterinsights_sitenote_note":"","_monsterinsights_sitenote_category":0,"footnotes":""},"class_list":["post-1604","page","type-page","status-publish","has-post-thumbnail","hentry"],"_links":{"self":[{"href":"https:\/\/xoratom.com\/en\/wp-json\/wp\/v2\/pages\/1604","targetHints":{"allow":["GET"]}}],"collection":[{"href":"https:\/\/xoratom.com\/en\/wp-json\/wp\/v2\/pages"}],"about":[{"href":"https:\/\/xoratom.com\/en\/wp-json\/wp\/v2\/types\/page"}],"author":[{"embeddable":true,"href":"https:\/\/xoratom.com\/en\/wp-json\/wp\/v2\/users\/4"}],"replies":[{"embeddable":true,"href":"https:\/\/xoratom.com\/en\/wp-json\/wp\/v2\/comments?post=1604"}],"version-history":[{"count":7,"href":"https:\/\/xoratom.com\/en\/wp-json\/wp\/v2\/pages\/1604\/revisions"}],"predecessor-version":[{"id":1638,"href":"https:\/\/xoratom.com\/en\/wp-json\/wp\/v2\/pages\/1604\/revisions\/1638"}],"wp:featuredmedia":[{"embeddable":true,"href":"https:\/\/xoratom.com\/en\/wp-json\/wp\/v2\/media\/1421"}],"wp:attachment":[{"href":"https:\/\/xoratom.com\/en\/wp-json\/wp\/v2\/media?parent=1604"}],"curies":[{"name":"wp","href":"https:\/\/api.w.org\/{rel}","templated":true}]}}